{"id":1305,"date":"2024-02-17T09:53:53","date_gmt":"2024-02-17T02:53:53","guid":{"rendered":"https:\/\/ktechjsc.com.vn\/?post_type=product&#038;p=1305"},"modified":"2024-02-17T09:53:53","modified_gmt":"2024-02-17T02:53:53","slug":"may-sieu-am-resona-i9","status":"publish","type":"product","link":"https:\/\/ktechjsc.com.vn\/en\/product\/may-sieu-am-resona-i9\/","title":{"rendered":"RESONA I9 ULTRASOUND MACHINE"},"content":{"rendered":"<p>Product <span style=\"color: #000080;\"><strong>Resona I9<\/strong><\/span> is a comprehensive ultrasound imaging system with completely innovative features, breaking the mold of conventional ultrasound systems, bringing completely new experiences to users and patients.<\/p>\n<p><span style=\"color: #000080;\"><strong>Resona I9<\/strong><\/span> It features an innovative design with a smart iConsole and customizable E-ink keys and an innovative user interface to minimize eye fatigue for healthcare workers while using the device. In addition, with the ability to fold the device to a height of 1 meter, this design ensures safety and compactness when transporting and moving locations.<\/p>\n<p><span style=\"color: #000080;\"><strong>Resona I9<\/strong><\/span> Powered by revolutionary ZST+ ultrasound technology <span style=\"color: #000080;\"><strong>Mindray<\/strong><\/span>, mang \u0111\u1ebfn ch\u1ea5t l\u01b0\u1ee3ng si\u00eau \u00e2m v\u01b0\u1ee3t tr\u1ed9i, cung c\u1ea5p s\u1ef1 h\u00e0i h\u00f2a gi\u1eefa \u0111\u1ed9 ph\u00e2n gi\u1ea3i v\u00e0 t\u00ednh \u0111\u1ed3ng nh\u1ea5t c\u1ee7a \u0111i\u1ec3m \u1ea3nh. C\u00f9ng v\u1edbi \u0111\u00f3 \u0111\u01b0\u1ee3c t\u00edch h\u1ee3p b\u1ed9 c\u00f4ng ngh\u1ec7 n\u00e2ng cao tr\u00ed tu\u1ec7 nh\u00e2n t\u1ea1o (AI) m\u1edf r\u1ed9ng, h\u1ec7 th\u1ed1ng mang \u0111\u1ebfn s\u1ef1 c\u1ea3i thi\u1ec7n kh\u1ea3 n\u0103ng t\u00e1i t\u1ea1o, t\u1ed1i \u01b0u c\u00f4ng su\u1ea5t, kh\u1ea3 n\u0103ng x\u1eed l\u00fd t\u00edn hi\u1ec7u k\u1ef9 thu\u1eadt \u1edf t\u1ed1c \u0111\u1ed9 cao &#8230;.<\/p>\n<p>T\u1eeb nh\u1eefng thi\u1ebft k\u1ebf tr\u00ean s\u1ea3n ph\u1ea9m <span style=\"color: #000080;\"><strong>Resona I9<\/strong><\/span> offers the following features:<\/p>\n<ul>\n<li>23.8\u2033 high-resolution borderless display delivers sharp, vivid images<\/li>\n<li>Eye protection display with adaptive brightness adjustment<\/li>\n<li>15.6\u2033 touchscreen for intuitive interaction with adjustable floating control panel<\/li>\n<li>Features a raised socket for comfortable probe change and connection<\/li>\n<li>Automatically report power when holding the handle<\/li>\n<\/ul>","protected":false},"excerpt":{"rendered":"<p><strong>Model: Resona I9<\/strong><\/p>\n<p><strong>Manufacturer: Mindray\/ China<\/strong><\/p>\n<p><strong>Meet standards: ISO. CE<\/strong><\/p>\n<p><strong>New 100%<\/strong><\/p>","protected":false},"featured_media":1306,"comment_status":"open","ping_status":"closed","template":"","meta":{"site-sidebar-layout":"default","site-content-layout":"","ast-site-content-layout":"default","site-content-style":"default","site-sidebar-style":"default","ast-global-header-display":"","ast-banner-title-visibility":"","ast-main-header-display":"","ast-hfb-above-header-display":"","ast-hfb-below-header-display":"","ast-hfb-mobile-header-display":"","site-post-title":"","ast-breadcrumbs-content":"","ast-featured-img":"","footer-sml-layout":"","theme-transparent-header-meta":"default","adv-header-id-meta":"","stick-header-meta":"default","header-above-stick-meta":"","header-main-stick-meta":"","header-below-stick-meta":"","astra-migrate-meta-layouts":"set","ast-page-background-enabled":"default","ast-page-background-meta":{"desktop":{"background-color":"var(--ast-global-color-4)","background-image":"","background-repeat":"repeat","background-position":"center center","background-size":"auto","background-attachment":"scroll","background-type":"","background-media":"","overlay-type":"","overlay-color":"","overlay-opacity":"","overlay-gradient":""},"tablet":{"background-color":"","background-image":"","background-repeat":"repeat","background-position":"center center","background-size":"auto","background-attachment":"scroll","background-type":"","background-media":"","overlay-type":"","overlay-color":"","overlay-opacity":"","overlay-gradient":""},"mobile":{"background-color":"","background-image":"","background-repeat":"repeat","background-position":"center center","background-size":"auto","background-attachment":"scroll","background-type":"","background-media":"","overlay-type":"","overlay-color":"","overlay-opacity":"","overlay-gradient":""}},"ast-content-background-meta":{"desktop":{"background-color":"var(--ast-global-color-5)","background-image":"","background-repeat":"repeat","background-position":"center center","background-size":"auto","background-attachment":"scroll","background-type":"","background-media":"","overlay-type":"","overlay-color":"","overlay-opacity":"","overlay-gradient":""},"tablet":{"background-color":"var(--ast-global-color-5)","background-image":"","background-repeat":"repeat","background-position":"center center","background-size":"auto","background-attachment":"scroll","background-type":"","background-media":"","overlay-type":"","overlay-color":"","overlay-opacity":"","overlay-gradient":""},"mobile":{"background-color":"var(--ast-global-color-5)","background-image":"","background-repeat":"repeat","background-position":"center center","background-size":"auto","background-attachment":"scroll","background-type":"","background-media":"","overlay-type":"","overlay-color":"","overlay-opacity":"","overlay-gradient":""}}},"product_cat":[103,104],"product_tag":[211,213,214,215,217,216,209,210,212],"thuong-hieu":[],"class_list":{"0":"post-1305","1":"product","2":"type-product","3":"status-publish","4":"has-post-thumbnail","6":"product_cat-khoa-kham-benh","7":"product_cat-thiet-bi-chan-doan-hinh-anh","8":"product_tag-i9-may-sieu-am","9":"product_tag-may-sieu-am-i9","10":"product_tag-may-sieu-am-mindray","11":"product_tag-may-sieu-am-trung-quoc","12":"product_tag-mindray-i9","13":"product_tag-mindray-trung-quoc","14":"product_tag-resona","15":"product_tag-resona-i9","16":"product_tag-sieu-am-resona","17":"desktop-align-left","18":"tablet-align-left","19":"mobile-align-left","20":"ast-product-gallery-layout-horizontal-slider","21":"ast-product-gallery-with-no-image","22":"ast-product-tabs-layout-horizontal","24":"first","25":"instock","26":"shipping-taxable","27":"product-type-simple"},"_links":{"self":[{"href":"https:\/\/ktechjsc.com.vn\/en\/wp-json\/wp\/v2\/product\/1305","targetHints":{"allow":["GET"]}}],"collection":[{"href":"https:\/\/ktechjsc.com.vn\/en\/wp-json\/wp\/v2\/product"}],"about":[{"href":"https:\/\/ktechjsc.com.vn\/en\/wp-json\/wp\/v2\/types\/product"}],"replies":[{"embeddable":true,"href":"https:\/\/ktechjsc.com.vn\/en\/wp-json\/wp\/v2\/comments?post=1305"}],"version-history":[{"count":0,"href":"https:\/\/ktechjsc.com.vn\/en\/wp-json\/wp\/v2\/product\/1305\/revisions"}],"wp:featuredmedia":[{"embeddable":true,"href":"https:\/\/ktechjsc.com.vn\/en\/wp-json\/wp\/v2\/media\/1306"}],"wp:attachment":[{"href":"https:\/\/ktechjsc.com.vn\/en\/wp-json\/wp\/v2\/media?parent=1305"}],"wp:term":[{"taxonomy":"product_cat","embeddable":true,"href":"https:\/\/ktechjsc.com.vn\/en\/wp-json\/wp\/v2\/product_cat?post=1305"},{"taxonomy":"product_tag","embeddable":true,"href":"https:\/\/ktechjsc.com.vn\/en\/wp-json\/wp\/v2\/product_tag?post=1305"},{"taxonomy":"thuong-hieu","embeddable":true,"href":"https:\/\/ktechjsc.com.vn\/en\/wp-json\/wp\/v2\/thuong-hieu?post=1305"}],"curies":[{"name":"wp","href":"https:\/\/api.w.org\/{rel}","templated":true}]}}